{"id":293,"date":"2020-12-06T15:00:25","date_gmt":"2020-12-06T14:00:25","guid":{"rendered":"http:\/\/multi-will.hu\/webaruhaz\/?page_id=293"},"modified":"2021-01-17T01:00:18","modified_gmt":"2021-01-17T00:00:18","slug":"aszf","status":"publish","type":"page","link":"http:\/\/multi-will.hu\/webaruhaz\/aszf\/","title":{"rendered":"\u00c1ltal\u00e1nos szerz\u0151d\u00e9si felt\u00e9telek"},"content":{"rendered":"","protected":false},"excerpt":{"rendered":"","protected":false},"author":1,"featured_media":0,"parent":0,"menu_order":0,"comment_status":"closed","ping_status":"closed","template":"","meta":{"_et_pb_use_builder":"","_et_pb_old_content":"","_et_gb_content_width":"","footnotes":""},"class_list":["post-293","page","type-page","status-publish","hentry"],"aioseo_notices":[],"_links":{"self":[{"href":"http:\/\/multi-will.hu\/webaruhaz\/wp-json\/wp\/v2\/pages\/293","targetHints":{"allow":["GET"]}}],"collection":[{"href":"http:\/\/multi-will.hu\/webaruhaz\/wp-json\/wp\/v2\/pages"}],"about":[{"href":"http:\/\/multi-will.hu\/webaruhaz\/wp-json\/wp\/v2\/types\/page"}],"author":[{"embeddable":true,"href":"http:\/\/multi-will.hu\/webaruhaz\/wp-json\/wp\/v2\/users\/1"}],"replies":[{"embeddable":true,"href":"http:\/\/multi-will.hu\/webaruhaz\/wp-json\/wp\/v2\/comments?post=293"}],"version-history":[{"count":1,"href":"http:\/\/multi-will.hu\/webaruhaz\/wp-json\/wp\/v2\/pages\/293\/revisions"}],"predecessor-version":[{"id":302,"href":"http:\/\/multi-will.hu\/webaruhaz\/wp-json\/wp\/v2\/pages\/293\/revisions\/302"}],"wp:attachment":[{"href":"http:\/\/multi-will.hu\/webaruhaz\/wp-json\/wp\/v2\/media?parent=293"}],"curies":[{"name":"wp","href":"https:\/\/api.w.org\/{rel}","templated":true}]}}