{"id":51,"date":"2020-12-06T15:00:31","date_gmt":"2020-12-06T14:00:31","guid":{"rendered":"http:\/\/multi-will.hu\/webaruhaz\/?page_id=51"},"modified":"2021-01-17T03:17:13","modified_gmt":"2021-01-17T02:17:13","slug":"kezd","status":"publish","type":"page","link":"http:\/\/multi-will.hu\/webaruhaz\/","title":{"rendered":"Web\u00e1ruh\u00e1z"},"content":{"rendered":"<p>[et_pb_section fb_built=&#8221;1&#8243; _builder_version=&#8221;4.8.1&#8243; _module_preset=&#8221;default&#8221;][et_pb_row _builder_version=&#8221;4.8.1&#8243; _module_preset=&#8221;default&#8221;][et_pb_column type=&#8221;4_4&#8243; _builder_version=&#8221;4.8.1&#8243; _module_preset=&#8221;default&#8221;][et_pb_post_title meta=&#8221;off&#8221; featured_image=&#8221;off&#8221; _builder_version=&#8221;4.8.1&#8243; _module_preset=&#8221;default&#8221;][\/et_pb_post_title][\/et_pb_column][\/et_pb_row][et_pb_row column_structure=&#8221;1_5,1_5,1_5,1_5,1_5&#8243; _builder_version=&#8221;4.8.1&#8243; _module_preset=&#8221;default&#8221;][et_pb_column type=&#8221;1_5&#8243; _builder_version=&#8221;4.8.1&#8243; _module_preset=&#8221;default&#8221;][et_pb_image src=&#8221;http:\/\/multi-will.hu\/webaruhaz\/wp-content\/uploads\/2021\/01\/gw10007303.jpg&#8221; title_text=&#8221;GW10007303&#8243; url=&#8221;http:\/\/multi-will.hu\/webaruhaz\/termekkategoria\/szerelestechnika\/&#8221; _builder_version=&#8221;4.8.1&#8243; _module_preset=&#8221;default&#8221;][\/et_pb_image][et_pb_text admin_label=&#8221;Szerel\u00e9stechnika&#8221; _builder_version=&#8221;4.8.1&#8243; _module_preset=&#8221;default&#8221;]<\/p>\n<p style=\"text-align: center;\"><a href=\"http:\/\/multi-will.hu\/webaruhaz\/termekkategoria\/szerelestechnika\/\"><strong>Szerel\u00e9stechnika<\/strong><\/a><\/p>\n<p>[\/et_pb_text][\/et_pb_column][et_pb_column type=&#8221;1_5&#8243; _builder_version=&#8221;4.8.1&#8243; _module_preset=&#8221;default&#8221;][et_pb_image src=&#8221;http:\/\/multi-will.hu\/webaruhaz\/wp-content\/uploads\/2021\/01\/gw10007374.jpg&#8221; title_text=&#8221;GW10007374&#8243; url=&#8221;http:\/\/multi-will.hu\/webaruhaz\/termekkategoria\/csatlakozastechnika\/&#8221; _builder_version=&#8221;4.8.1&#8243; _module_preset=&#8221;default&#8221;][\/et_pb_image][et_pb_text admin_label=&#8221;Csatlakoz\u00e1stechnika&#8221; _builder_version=&#8221;4.8.1&#8243; _module_preset=&#8221;default&#8221;]<\/p>\n<p style=\"text-align: center;\"><a href=\"http:\/\/multi-will.hu\/webaruhaz\/termekkategoria\/csatlakozastechnika\/\"><strong>Csatlakoz\u00e1stechnika<\/strong><\/a><\/p>\n<p>[\/et_pb_text][\/et_pb_column][et_pb_column type=&#8221;1_5&#8243; _builder_version=&#8221;4.8.1&#8243; _module_preset=&#8221;default&#8221;][et_pb_image src=&#8221;http:\/\/multi-will.hu\/webaruhaz\/wp-content\/uploads\/2021\/01\/gw10007502.jpg&#8221; title_text=&#8221;GW10007502&#8243; url=&#8221;http:\/\/multi-will.hu\/webaruhaz\/termekkategoria\/vilagitastechnika\/&#8221; _builder_version=&#8221;4.8.1&#8243; _module_preset=&#8221;default&#8221;][\/et_pb_image][et_pb_text admin_label=&#8221;Vil\u00e1g\u00edt\u00e1stechnika&#8221; _builder_version=&#8221;4.8.1&#8243; _module_preset=&#8221;default&#8221;]<\/p>\n<p style=\"text-align: center;\"><a href=\"http:\/\/multi-will.hu\/webaruhaz\/termekkategoria\/vilagitastechnika\/\"><strong>Vil\u00e1g\u00edt\u00e1stechnika<\/strong><\/a><\/p>\n<p>[\/et_pb_text][\/et_pb_column][et_pb_column type=&#8221;1_5&#8243; _builder_version=&#8221;4.8.1&#8243; _module_preset=&#8221;default&#8221;][et_pb_image src=&#8221;http:\/\/multi-will.hu\/webaruhaz\/wp-content\/uploads\/2021\/01\/gw10007194.jpg&#8221; title_text=&#8221;GW10007194&#8243; url=&#8221;http:\/\/multi-will.hu\/webaruhaz\/termekkategoria\/epuletautomatizalas\/&#8221; _builder_version=&#8221;4.8.1&#8243; _module_preset=&#8221;default&#8221;][\/et_pb_image][et_pb_text admin_label=&#8221;\u00c9p\u00fcletautomatiz\u00e1l\u00e1s&#8221; _builder_version=&#8221;4.8.1&#8243; _module_preset=&#8221;default&#8221;]<\/p>\n<p style=\"text-align: center;\"><a href=\"http:\/\/multi-will.hu\/webaruhaz\/termekkategoria\/epuletautomatizalas\/\"><strong>\u00c9p\u00fcletautomatiz\u00e1l\u00e1s<\/strong><\/a><\/p>\n<p>[\/et_pb_text][\/et_pb_column][et_pb_column type=&#8221;1_5&#8243; _builder_version=&#8221;4.8.1&#8243; _module_preset=&#8221;default&#8221;][et_pb_image src=&#8221;http:\/\/multi-will.hu\/webaruhaz\/wp-content\/uploads\/2021\/01\/gw10007448.jpg&#8221; title_text=&#8221;GW10007448&#8243; url=&#8221;http:\/\/multi-will.hu\/webaruhaz\/termekkategoria\/kiegeszitok\/&#8221; _builder_version=&#8221;4.8.1&#8243; _module_preset=&#8221;default&#8221;][\/et_pb_image][et_pb_text admin_label=&#8221;Kieg\u00e9sz\u00edt\u0151k&#8221; _builder_version=&#8221;4.8.1&#8243; _module_preset=&#8221;default&#8221;]<\/p>\n<p style=\"text-align: center;\"><a href=\"http:\/\/multi-will.hu\/webaruhaz\/termekkategoria\/kiegeszitok\/\"><strong>Kieg\u00e9sz\u00edt\u0151k<\/strong><\/a><\/p>\n<p>[\/et_pb_text][\/et_pb_column][\/et_pb_row][\/et_pb_section]<\/p>\n","protected":false},"excerpt":{"rendered":"<p>[et_pb_section fb_built=&#8221;1&#8243; _builder_version=&#8221;4.8.1&#8243; _module_preset=&#8221;default&#8221;][et_pb_row _builder_version=&#8221;4.8.1&#8243; _module_preset=&#8221;default&#8221;][et_pb_column type=&#8221;4_4&#8243; _builder_version=&#8221;4.8.1&#8243; _module_preset=&#8221;default&#8221;][et_pb_post_title meta=&#8221;off&#8221; featured_image=&#8221;off&#8221; _builder_version=&#8221;4.8.1&#8243; _module_preset=&#8221;default&#8221;][\/et_pb_post_title][\/et_pb_column][\/et_pb_row][et_pb_row column_structure=&#8221;1_5,1_5,1_5,1_5,1_5&#8243; _builder_version=&#8221;4.8.1&#8243; _module_preset=&#8221;default&#8221;][et_pb_column type=&#8221;1_5&#8243; _builder_version=&#8221;4.8.1&#8243; _module_preset=&#8221;default&#8221;][et_pb_image src=&#8221;http:\/\/multi-will.hu\/webaruhaz\/wp-content\/uploads\/2021\/01\/gw10007303.jpg&#8221; title_text=&#8221;GW10007303&#8243; url=&#8221;http:\/\/multi-will.hu\/webaruhaz\/termekkategoria\/szerelestechnika\/&#8221; _builder_version=&#8221;4.8.1&#8243; _module_preset=&#8221;default&#8221;][\/et_pb_image][et_pb_text admin_label=&#8221;Szerel\u00e9stechnika&#8221; _builder_version=&#8221;4.8.1&#8243; _module_preset=&#8221;default&#8221;] Szerel\u00e9stechnika [\/et_pb_text][\/et_pb_column][et_pb_column type=&#8221;1_5&#8243; _builder_version=&#8221;4.8.1&#8243; _module_preset=&#8221;default&#8221;][et_pb_image src=&#8221;http:\/\/multi-will.hu\/webaruhaz\/wp-content\/uploads\/2021\/01\/gw10007374.jpg&#8221; title_text=&#8221;GW10007374&#8243; url=&#8221;http:\/\/multi-will.hu\/webaruhaz\/termekkategoria\/csatlakozastechnika\/&#8221; _builder_version=&#8221;4.8.1&#8243; _module_preset=&#8221;default&#8221;][\/et_pb_image][et_pb_text admin_label=&#8221;Csatlakoz\u00e1stechnika&#8221; _builder_version=&#8221;4.8.1&#8243; _module_preset=&#8221;default&#8221;] Csatlakoz\u00e1stechnika [\/et_pb_text][\/et_pb_column][et_pb_column type=&#8221;1_5&#8243; _builder_version=&#8221;4.8.1&#8243; _module_preset=&#8221;default&#8221;][et_pb_image src=&#8221;http:\/\/multi-will.hu\/webaruhaz\/wp-content\/uploads\/2021\/01\/gw10007502.jpg&#8221; title_text=&#8221;GW10007502&#8243; url=&#8221;http:\/\/multi-will.hu\/webaruhaz\/termekkategoria\/vilagitastechnika\/&#8221; _builder_version=&#8221;4.8.1&#8243; _module_preset=&#8221;default&#8221;][\/et_pb_image][et_pb_text admin_label=&#8221;Vil\u00e1g\u00edt\u00e1stechnika&#8221; _builder_version=&#8221;4.8.1&#8243; _module_preset=&#8221;default&#8221;] Vil\u00e1g\u00edt\u00e1stechnika [\/et_pb_text][\/et_pb_column][et_pb_column [&hellip;]<\/p>\n","protected":false},"author":1,"featured_media":0,"parent":0,"menu_order":0,"comment_status":"closed","ping_status":"closed","template":"","meta":{"_et_pb_use_builder":"on","_et_pb_old_content":"","_et_gb_content_width":"","footnotes":""},"class_list":["post-51","page","type-page","status-publish","hentry"],"aioseo_notices":[],"_links":{"self":[{"href":"http:\/\/multi-will.hu\/webaruhaz\/wp-json\/wp\/v2\/pages\/51","targetHints":{"allow":["GET"]}}],"collection":[{"href":"http:\/\/multi-will.hu\/webaruhaz\/wp-json\/wp\/v2\/pages"}],"about":[{"href":"http:\/\/multi-will.hu\/webaruhaz\/wp-json\/wp\/v2\/types\/page"}],"author":[{"embeddable":true,"href":"http:\/\/multi-will.hu\/webaruhaz\/wp-json\/wp\/v2\/users\/1"}],"replies":[{"embeddable":true,"href":"http:\/\/multi-will.hu\/webaruhaz\/wp-json\/wp\/v2\/comments?post=51"}],"version-history":[{"count":10,"href":"http:\/\/multi-will.hu\/webaruhaz\/wp-json\/wp\/v2\/pages\/51\/revisions"}],"predecessor-version":[{"id":920,"href":"http:\/\/multi-will.hu\/webaruhaz\/wp-json\/wp\/v2\/pages\/51\/revisions\/920"}],"wp:attachment":[{"href":"http:\/\/multi-will.hu\/webaruhaz\/wp-json\/wp\/v2\/media?parent=51"}],"curies":[{"name":"wp","href":"https:\/\/api.w.org\/{rel}","templated":true}]}}