{"id":53,"date":"2020-12-06T15:00:04","date_gmt":"2020-12-06T14:00:04","guid":{"rendered":"http:\/\/multi-will.hu\/webaruhaz\/?page_id=53"},"modified":"2021-01-17T04:23:24","modified_gmt":"2021-01-17T03:23:24","slug":"kapcsolat","status":"publish","type":"page","link":"http:\/\/multi-will.hu\/webaruhaz\/kapcsolat\/","title":{"rendered":"Kapcsolat"},"content":{"rendered":"<p>[et_pb_section fb_built=&#8221;1&#8243; admin_label=&#8221;section&#8221; _builder_version=&#8221;3.22&#8243;][et_pb_row _builder_version=&#8221;4.8.1&#8243; _module_preset=&#8221;default&#8221;][et_pb_column _builder_version=&#8221;4.8.1&#8243; _module_preset=&#8221;default&#8221; type=&#8221;4_4&#8243;][et_pb_post_title _builder_version=&#8221;4.8.1&#8243; _module_preset=&#8221;default&#8221; meta=&#8221;off&#8221; featured_image=&#8221;off&#8221; text_orientation=&#8221;center&#8221; hover_enabled=&#8221;0&#8243; sticky_enabled=&#8221;0&#8243;][\/et_pb_post_title][\/et_pb_column][\/et_pb_row][et_pb_row column_structure=&#8221;1_4,1_4,1_4,1_4&#8243; admin_label=&#8221;row&#8221; _builder_version=&#8221;3.25&#8243; background_size=&#8221;initial&#8221; background_position=&#8221;top_left&#8221; background_repeat=&#8221;repeat&#8221;][et_pb_column type=&#8221;1_4&#8243; _builder_version=&#8221;3.25&#8243; custom_padding=&#8221;|||&#8221; custom_padding__hover=&#8221;|||&#8221;][et_pb_text admin_label=&#8221;G\u00e9mesi J\u00e1nos&#8221; _builder_version=&#8221;4.8.1&#8243; _module_preset=&#8221;default&#8221;]<\/p>\n<p style=\"text-align: center;\"><strong>G\u00e9mesi J\u00e1nos<\/strong><br \/>\u00c9rt\u00e9kes\u00edt\u00e9si \u00e9s logisztikai vezet\u0151<\/p>\n<p style=\"text-align: center;\"><a href=\"mailto:janos.gemesi@multi-will.hu\">janos.gemesi@multi-will.hu<\/a><br \/><a href=\"tel:+3613470080\">+36 1 347 0080<\/a><\/p>\n<p>[\/et_pb_text][\/et_pb_column][et_pb_column type=&#8221;1_4&#8243; _builder_version=&#8221;3.25&#8243; custom_padding=&#8221;|||&#8221; custom_padding__hover=&#8221;|||&#8221;][et_pb_text admin_label=&#8221;Gelei Attila&#8221; _builder_version=&#8221;4.8.1&#8243; _module_preset=&#8221;default&#8221;]<\/p>\n<p style=\"text-align: center;\"><strong>Gelei Attila<\/strong><br \/>\u00c9rt\u00e9kes\u00edt\u00e9si \u00e9s logisztikai vezet\u0151<\/p>\n<p style=\"text-align: center;\"><a href=\"mailto:attila.gelei@multi-will.hu\">attila.gelei@multi-will.hu<\/a><br \/><a href=\"tel:+3613581420\">+36 1 358 1420<\/a><\/p>\n<p>[\/et_pb_text][\/et_pb_column][et_pb_column type=&#8221;1_4&#8243; _builder_version=&#8221;3.25&#8243; custom_padding=&#8221;|||&#8221; custom_padding__hover=&#8221;|||&#8221;][et_pb_text admin_label=&#8221;S\u00e1gi Gabriella&#8221; _builder_version=&#8221;4.8.1&#8243; _module_preset=&#8221;default&#8221;]<\/p>\n<p style=\"text-align: center;\"><strong>S\u00e1gi Gabriella<\/strong><br \/>Bolti \u00e9s Nagyker \u00e9rt\u00e9kes\u00edt\u00e9s, \u00e1rukiad\u00e1s<\/p>\n<p style=\"text-align: center;\"><a href=\"mailto:gabriella.sagi@multi-will.hu\">gabriella.sagi@multi-will.hu<\/a><br \/><a href=\"tel:+3613581420\">+36 1 358 1420<\/a><\/p>\n<p>[\/et_pb_text][\/et_pb_column][et_pb_column type=&#8221;1_4&#8243; _builder_version=&#8221;3.25&#8243; custom_padding=&#8221;|||&#8221; custom_padding__hover=&#8221;|||&#8221;][et_pb_text admin_label=&#8221;Dunajcsik Judit&#8221; _builder_version=&#8221;4.8.1&#8243; _module_preset=&#8221;default&#8221;]<\/p>\n<p style=\"text-align: center;\"><strong>Dunajcsik Judit<\/strong><br \/>Bolti \u00e9rt\u00e9kes\u00edt\u00e9s, \u00e1rukiad\u00e1s<\/p>\n<p style=\"text-align: center;\"><a href=\"mailto:judit.dunajcsik@multi-will.hu\">judit.dunajcsik@multi-will.hu<\/a><br \/><a href=\"tel:+3613581420\">+36 1 358 1420<\/a><\/p>\n<p>[\/et_pb_text][\/et_pb_column][\/et_pb_row][\/et_pb_section]<\/p>\n","protected":false},"excerpt":{"rendered":"<p>[et_pb_section fb_built=&#8221;1&#8243; admin_label=&#8221;section&#8221; _builder_version=&#8221;3.22&#8243;][et_pb_row _builder_version=&#8221;4.8.1&#8243; _module_preset=&#8221;default&#8221;][et_pb_column _builder_version=&#8221;4.8.1&#8243; _module_preset=&#8221;default&#8221; type=&#8221;4_4&#8243;][et_pb_post_title _builder_version=&#8221;4.8.1&#8243; _module_preset=&#8221;default&#8221; meta=&#8221;off&#8221; featured_image=&#8221;off&#8221; text_orientation=&#8221;center&#8221; hover_enabled=&#8221;0&#8243; sticky_enabled=&#8221;0&#8243;][\/et_pb_post_title][\/et_pb_column][\/et_pb_row][et_pb_row column_structure=&#8221;1_4,1_4,1_4,1_4&#8243; admin_label=&#8221;row&#8221; _builder_version=&#8221;3.25&#8243; background_size=&#8221;initial&#8221; background_position=&#8221;top_left&#8221; background_repeat=&#8221;repeat&#8221;][et_pb_column type=&#8221;1_4&#8243; _builder_version=&#8221;3.25&#8243; custom_padding=&#8221;|||&#8221; custom_padding__hover=&#8221;|||&#8221;][et_pb_text admin_label=&#8221;G\u00e9mesi J\u00e1nos&#8221; _builder_version=&#8221;4.8.1&#8243; _module_preset=&#8221;default&#8221;] G\u00e9mesi J\u00e1nos\u00c9rt\u00e9kes\u00edt\u00e9si \u00e9s logisztikai vezet\u0151 janos.gemesi@multi-will.hu+36 1 347 0080 [\/et_pb_text][\/et_pb_column][et_pb_column type=&#8221;1_4&#8243; _builder_version=&#8221;3.25&#8243; custom_padding=&#8221;|||&#8221; custom_padding__hover=&#8221;|||&#8221;][et_pb_text admin_label=&#8221;Gelei Attila&#8221; _builder_version=&#8221;4.8.1&#8243; _module_preset=&#8221;default&#8221;] Gelei Attila\u00c9rt\u00e9kes\u00edt\u00e9si \u00e9s logisztikai vezet\u0151 attila.gelei@multi-will.hu+36 1 [&hellip;]<\/p>\n","protected":false},"author":1,"featured_media":0,"parent":0,"menu_order":0,"comment_status":"closed","ping_status":"closed","template":"","meta":{"_et_pb_use_builder":"on","_et_pb_old_content":"","_et_gb_content_width":"","footnotes":""},"class_list":["post-53","page","type-page","status-publish","hentry"],"aioseo_notices":[],"_links":{"self":[{"href":"http:\/\/multi-will.hu\/webaruhaz\/wp-json\/wp\/v2\/pages\/53","targetHints":{"allow":["GET"]}}],"collection":[{"href":"http:\/\/multi-will.hu\/webaruhaz\/wp-json\/wp\/v2\/pages"}],"about":[{"href":"http:\/\/multi-will.hu\/webaruhaz\/wp-json\/wp\/v2\/types\/page"}],"author":[{"embeddable":true,"href":"http:\/\/multi-will.hu\/webaruhaz\/wp-json\/wp\/v2\/users\/1"}],"replies":[{"embeddable":true,"href":"http:\/\/multi-will.hu\/webaruhaz\/wp-json\/wp\/v2\/comments?post=53"}],"version-history":[{"count":3,"href":"http:\/\/multi-will.hu\/webaruhaz\/wp-json\/wp\/v2\/pages\/53\/revisions"}],"predecessor-version":[{"id":939,"href":"http:\/\/multi-will.hu\/webaruhaz\/wp-json\/wp\/v2\/pages\/53\/revisions\/939"}],"wp:attachment":[{"href":"http:\/\/multi-will.hu\/webaruhaz\/wp-json\/wp\/v2\/media?parent=53"}],"curies":[{"name":"wp","href":"https:\/\/api.w.org\/{rel}","templated":true}]}}